{"id":5859,"date":"2025-05-25T10:15:49","date_gmt":"2025-05-25T10:15:49","guid":{"rendered":"https:\/\/camisascactus.com.mx\/camisas-vaqueras\/producto\/camisa-vaquera-bordada-cactus-90764-2402-vino\/"},"modified":"2025-11-28T16:25:20","modified_gmt":"2025-11-28T16:25:20","slug":"camisa-vaquera-bordada-cactus-90764-2402-vino","status":"publish","type":"product","link":"https:\/\/camisascactus.com.mx\/camisas-vaqueras\/p\/camisa-vaquera-bordada-cactus-90764-2402-vino\/","title":{"rendered":"Camisa Vaquera Bordada Cactus"},"content":{"rendered":"<p>CAMISA VAQUERA<br \/>\nBORDADA<br \/>\n50% algod\u00f3n<br \/>\n50% poli\u00e9ster<\/p>\n","protected":false},"excerpt":{"rendered":"<p>CAMISA VAQUERA<br \/>\nBORDADA<br \/>\n50% algod\u00f3n<br \/>\n50% poli\u00e9ster<\/p>\n","protected":false},"featured_media":5858,"template":"","meta":[],"product_brand":[153],"product_cat":[47,54,64],"product_tag":[86,111,112,68,82,75,81,78,89,113,79,77,74,80,76,84],"class_list":{"0":"post-5859","1":"product","2":"type-product","3":"status-publish","4":"has-post-thumbnail","6":"product_brand-cactus-western-by-jr","7":"product_cat-camisas-vaqueras-2025-ii","8":"product_cat-bordada","9":"product_cat-caballero","10":"product_tag-2025-ii","11":"product_tag-bordada","12":"product_tag-bordado","13":"product_tag-caballero","14":"product_tag-camisa-clasica-de-hombre","15":"product_tag-camisa-vaquera","16":"product_tag-camisa-western","17":"product_tag-camisas-para-caballero","18":"product_tag-clasica","19":"product_tag-elegante","20":"product_tag-estilo-ranchero","21":"product_tag-moda-vaquera-para-hombre","22":"product_tag-para-hombre","23":"product_tag-ropa-del-norte-para-hombre","24":"product_tag-ropa-vaquera-masculina","25":"product_tag-vino","27":"first","28":"instock","29":"shipping-taxable","30":"purchasable","31":"product-type-simple"},"yoast_head":"<!-- This site is optimized with the Yoast SEO plugin v25.1 - https:\/\/yoast.com\/wordpress\/plugins\/seo\/ -->\n<title>Camisa Vaquera Bordada Cactus - Camisas Cactus - Cat\u00e1logo<\/title>\n<meta name=\"robots\" content=\"index, follow, max-snippet:-1, max-image-preview:large, max-video-preview:-1\" \/>\n<link rel=\"canonical\" href=\"https:\/\/camisascactus.com.mx\/camisas-vaqueras\/p\/camisa-vaquera-bordada-cactus-90764-2402-vino\/\" \/>\n<meta property=\"og:locale\" content=\"es_ES\" \/>\n<meta property=\"og:type\" content=\"article\" \/>\n<meta property=\"og:title\" content=\"Camisa Vaquera Bordada Cactus - Camisas Cactus - Cat\u00e1logo\" \/>\n<meta property=\"og:description\" content=\"CAMISA VAQUERA BORDADA 50% algod\u00f3n 50% poli\u00e9ster\" \/>\n<meta property=\"og:url\" content=\"https:\/\/camisascactus.com.mx\/camisas-vaqueras\/p\/camisa-vaquera-bordada-cactus-90764-2402-vino\/\" \/>\n<meta property=\"og:site_name\" content=\"Camisas Cactus - Cat\u00e1logo\" \/>\n<meta property=\"article:modified_time\" content=\"2025-11-28T16:25:20+00:00\" \/>\n<meta property=\"og:image\" content=\"https:\/\/camisascactus.com.mx\/camisas-vaqueras\/wp-content\/uploads\/2025\/05\/camisa-vaquera-bordada-cactus-90764-2402-vino.webp\" \/>\n\t<meta property=\"og:image:width\" content=\"1040\" \/>\n\t<meta property=\"og:image:height\" content=\"1390\" \/>\n\t<meta property=\"og:image:type\" content=\"image\/webp\" \/>\n<meta name=\"twitter:card\" content=\"summary_large_image\" \/>\n<script type=\"application\/ld+json\" class=\"yoast-schema-graph\">{\"@context\":\"https:\/\/schema.org\",\"@graph\":[{\"@type\":\"WebPage\",\"@id\":\"https:\/\/camisascactus.com.mx\/camisas-vaqueras\/p\/camisa-vaquera-bordada-cactus-90764-2402-vino\/\",\"url\":\"https:\/\/camisascactus.com.mx\/camisas-vaqueras\/p\/camisa-vaquera-bordada-cactus-90764-2402-vino\/\",\"name\":\"Camisa Vaquera Bordada Cactus - Camisas Cactus - Cat\u00e1logo\",\"isPartOf\":{\"@id\":\"https:\/\/camisascactus.com.mx\/camisas-vaqueras\/#website\"},\"primaryImageOfPage\":{\"@id\":\"https:\/\/camisascactus.com.mx\/camisas-vaqueras\/p\/camisa-vaquera-bordada-cactus-90764-2402-vino\/#primaryimage\"},\"image\":{\"@id\":\"https:\/\/camisascactus.com.mx\/camisas-vaqueras\/p\/camisa-vaquera-bordada-cactus-90764-2402-vino\/#primaryimage\"},\"thumbnailUrl\":\"https:\/\/camisascactus.com.mx\/camisas-vaqueras\/wp-content\/uploads\/2025\/05\/camisa-vaquera-bordada-cactus-90764-2402-vino.webp\",\"datePublished\":\"2025-05-25T10:15:49+00:00\",\"dateModified\":\"2025-11-28T16:25:20+00:00\",\"breadcrumb\":{\"@id\":\"https:\/\/camisascactus.com.mx\/camisas-vaqueras\/p\/camisa-vaquera-bordada-cactus-90764-2402-vino\/#breadcrumb\"},\"inLanguage\":\"es\",\"potentialAction\":[{\"@type\":\"ReadAction\",\"target\":[\"https:\/\/camisascactus.com.mx\/camisas-vaqueras\/p\/camisa-vaquera-bordada-cactus-90764-2402-vino\/\"]}]},{\"@type\":\"ImageObject\",\"inLanguage\":\"es\",\"@id\":\"https:\/\/camisascactus.com.mx\/camisas-vaqueras\/p\/camisa-vaquera-bordada-cactus-90764-2402-vino\/#primaryimage\",\"url\":\"https:\/\/camisascactus.com.mx\/camisas-vaqueras\/wp-content\/uploads\/2025\/05\/camisa-vaquera-bordada-cactus-90764-2402-vino.webp\",\"contentUrl\":\"https:\/\/camisascactus.com.mx\/camisas-vaqueras\/wp-content\/uploads\/2025\/05\/camisa-vaquera-bordada-cactus-90764-2402-vino.webp\",\"width\":1040,\"height\":1390},{\"@type\":\"BreadcrumbList\",\"@id\":\"https:\/\/camisascactus.com.mx\/camisas-vaqueras\/p\/camisa-vaquera-bordada-cactus-90764-2402-vino\/#breadcrumb\",\"itemListElement\":[{\"@type\":\"ListItem\",\"position\":1,\"name\":\"Portada\",\"item\":\"https:\/\/camisascactus.com.mx\/camisas-vaqueras\/\"},{\"@type\":\"ListItem\",\"position\":2,\"name\":\"Shop\",\"item\":\"https:\/\/camisascactus.com.mx\/camisas-vaqueras\/shop\/\"},{\"@type\":\"ListItem\",\"position\":3,\"name\":\"Camisa Vaquera Bordada Cactus\"}]},{\"@type\":\"WebSite\",\"@id\":\"https:\/\/camisascactus.com.mx\/camisas-vaqueras\/#website\",\"url\":\"https:\/\/camisascactus.com.mx\/camisas-vaqueras\/\",\"name\":\"Camisas Cactus - Cat\u00e1logo\",\"description\":\"\",\"potentialAction\":[{\"@type\":\"SearchAction\",\"target\":{\"@type\":\"EntryPoint\",\"urlTemplate\":\"https:\/\/camisascactus.com.mx\/camisas-vaqueras\/?s={search_term_string}\"},\"query-input\":{\"@type\":\"PropertyValueSpecification\",\"valueRequired\":true,\"valueName\":\"search_term_string\"}}],\"inLanguage\":\"es\"}]}<\/script>\n<!-- \/ Yoast SEO plugin. -->","yoast_head_json":{"title":"Camisa Vaquera Bordada Cactus - Camisas Cactus - Cat\u00e1logo","robots":{"index":"index","follow":"follow","max-snippet":"max-snippet:-1","max-image-preview":"max-image-preview:large","max-video-preview":"max-video-preview:-1"},"canonical":"https:\/\/camisascactus.com.mx\/camisas-vaqueras\/p\/camisa-vaquera-bordada-cactus-90764-2402-vino\/","og_locale":"es_ES","og_type":"article","og_title":"Camisa Vaquera Bordada Cactus - Camisas Cactus - Cat\u00e1logo","og_description":"CAMISA VAQUERA BORDADA 50% algod\u00f3n 50% poli\u00e9ster","og_url":"https:\/\/camisascactus.com.mx\/camisas-vaqueras\/p\/camisa-vaquera-bordada-cactus-90764-2402-vino\/","og_site_name":"Camisas Cactus - Cat\u00e1logo","article_modified_time":"2025-11-28T16:25:20+00:00","og_image":[{"width":1040,"height":1390,"url":"https:\/\/camisascactus.com.mx\/camisas-vaqueras\/wp-content\/uploads\/2025\/05\/camisa-vaquera-bordada-cactus-90764-2402-vino.webp","type":"image\/webp"}],"twitter_card":"summary_large_image","schema":{"@context":"https:\/\/schema.org","@graph":[{"@type":"WebPage","@id":"https:\/\/camisascactus.com.mx\/camisas-vaqueras\/p\/camisa-vaquera-bordada-cactus-90764-2402-vino\/","url":"https:\/\/camisascactus.com.mx\/camisas-vaqueras\/p\/camisa-vaquera-bordada-cactus-90764-2402-vino\/","name":"Camisa Vaquera Bordada Cactus - Camisas Cactus - Cat\u00e1logo","isPartOf":{"@id":"https:\/\/camisascactus.com.mx\/camisas-vaqueras\/#website"},"primaryImageOfPage":{"@id":"https:\/\/camisascactus.com.mx\/camisas-vaqueras\/p\/camisa-vaquera-bordada-cactus-90764-2402-vino\/#primaryimage"},"image":{"@id":"https:\/\/camisascactus.com.mx\/camisas-vaqueras\/p\/camisa-vaquera-bordada-cactus-90764-2402-vino\/#primaryimage"},"thumbnailUrl":"https:\/\/camisascactus.com.mx\/camisas-vaqueras\/wp-content\/uploads\/2025\/05\/camisa-vaquera-bordada-cactus-90764-2402-vino.webp","datePublished":"2025-05-25T10:15:49+00:00","dateModified":"2025-11-28T16:25:20+00:00","breadcrumb":{"@id":"https:\/\/camisascactus.com.mx\/camisas-vaqueras\/p\/camisa-vaquera-bordada-cactus-90764-2402-vino\/#breadcrumb"},"inLanguage":"es","potentialAction":[{"@type":"ReadAction","target":["https:\/\/camisascactus.com.mx\/camisas-vaqueras\/p\/camisa-vaquera-bordada-cactus-90764-2402-vino\/"]}]},{"@type":"ImageObject","inLanguage":"es","@id":"https:\/\/camisascactus.com.mx\/camisas-vaqueras\/p\/camisa-vaquera-bordada-cactus-90764-2402-vino\/#primaryimage","url":"https:\/\/camisascactus.com.mx\/camisas-vaqueras\/wp-content\/uploads\/2025\/05\/camisa-vaquera-bordada-cactus-90764-2402-vino.webp","contentUrl":"https:\/\/camisascactus.com.mx\/camisas-vaqueras\/wp-content\/uploads\/2025\/05\/camisa-vaquera-bordada-cactus-90764-2402-vino.webp","width":1040,"height":1390},{"@type":"BreadcrumbList","@id":"https:\/\/camisascactus.com.mx\/camisas-vaqueras\/p\/camisa-vaquera-bordada-cactus-90764-2402-vino\/#breadcrumb","itemListElement":[{"@type":"ListItem","position":1,"name":"Portada","item":"https:\/\/camisascactus.com.mx\/camisas-vaqueras\/"},{"@type":"ListItem","position":2,"name":"Shop","item":"https:\/\/camisascactus.com.mx\/camisas-vaqueras\/shop\/"},{"@type":"ListItem","position":3,"name":"Camisa Vaquera Bordada Cactus"}]},{"@type":"WebSite","@id":"https:\/\/camisascactus.com.mx\/camisas-vaqueras\/#website","url":"https:\/\/camisascactus.com.mx\/camisas-vaqueras\/","name":"Camisas Cactus - Cat\u00e1logo","description":"","potentialAction":[{"@type":"SearchAction","target":{"@type":"EntryPoint","urlTemplate":"https:\/\/camisascactus.com.mx\/camisas-vaqueras\/?s={search_term_string}"},"query-input":{"@type":"PropertyValueSpecification","valueRequired":true,"valueName":"search_term_string"}}],"inLanguage":"es"}]}},"_links":{"self":[{"href":"https:\/\/camisascactus.com.mx\/camisas-vaqueras\/wp-json\/wp\/v2\/product\/5859","targetHints":{"allow":["GET"]}}],"collection":[{"href":"https:\/\/camisascactus.com.mx\/camisas-vaqueras\/wp-json\/wp\/v2\/product"}],"about":[{"href":"https:\/\/camisascactus.com.mx\/camisas-vaqueras\/wp-json\/wp\/v2\/types\/product"}],"version-history":[{"count":5,"href":"https:\/\/camisascactus.com.mx\/camisas-vaqueras\/wp-json\/wp\/v2\/product\/5859\/revisions"}],"predecessor-version":[{"id":27178,"href":"https:\/\/camisascactus.com.mx\/camisas-vaqueras\/wp-json\/wp\/v2\/product\/5859\/revisions\/27178"}],"wp:featuredmedia":[{"embeddable":true,"href":"https:\/\/camisascactus.com.mx\/camisas-vaqueras\/wp-json\/wp\/v2\/media\/5858"}],"wp:attachment":[{"href":"https:\/\/camisascactus.com.mx\/camisas-vaqueras\/wp-json\/wp\/v2\/media?parent=5859"}],"wp:term":[{"taxonomy":"product_brand","embeddable":true,"href":"https:\/\/camisascactus.com.mx\/camisas-vaqueras\/wp-json\/wp\/v2\/product_brand?post=5859"},{"taxonomy":"product_cat","embeddable":true,"href":"https:\/\/camisascactus.com.mx\/camisas-vaqueras\/wp-json\/wp\/v2\/product_cat?post=5859"},{"taxonomy":"product_tag","embeddable":true,"href":"https:\/\/camisascactus.com.mx\/camisas-vaqueras\/wp-json\/wp\/v2\/product_tag?post=5859"}],"curies":[{"name":"wp","href":"https:\/\/api.w.org\/{rel}","templated":true}]}}